{"id":239,"date":"2019-12-10T10:48:40","date_gmt":"2019-12-10T10:48:40","guid":{"rendered":"http:\/\/digijue.de\/?page_id=239"},"modified":"2019-12-10T11:11:56","modified_gmt":"2019-12-10T11:11:56","slug":"videokassetten-2","status":"publish","type":"page","link":"http:\/\/digijue.de\/?page_id=239","title":{"rendered":"Videokassetten"},"content":{"rendered":"\n<h3 class=\"wp-block-heading\">Kassetten digitalisieren \u2013 Bild und Ton erhalten und verbessern!<\/h3>\n\n\n\n<div class=\"wp-block-image\"><figure class=\"alignright size-large is-resized\"><img decoding=\"async\" loading=\"lazy\" src=\"http:\/\/digijue.de\/wp-content\/uploads\/2017\/04\/Video-02.png\" alt=\"Professionelle Ger\u00e4te f\u00fcr Ihre Sch\u00e4tze\" class=\"wp-image-70\" width=\"257\" height=\"313\" srcset=\"http:\/\/digijue.de\/wp-content\/uploads\/2017\/04\/Video-02.png 492w, http:\/\/digijue.de\/wp-content\/uploads\/2017\/04\/Video-02-246x300.png 246w\" sizes=\"(max-width: 257px) 100vw, 257px\" \/><figcaption>Professionelle Ger\u00e4te f\u00fcr Ihre Sch\u00e4tze<\/figcaption><\/figure><\/div>\n\n\n\n<p>Der Zahn der Zeit nagt unaufhaltsam an allen analogen Bild-und Tonmedien. Videoaufnahmen verlieren an Bild- und Tonqualit\u00e4t.<br> Haben Sie noch alte, liebevoll selbst zusammengestellte Videoaufnahmen Ihrer Kinder, der Hochzeit oder einer Urlaubsreise f\u00fcr die es sich lohnen w\u00fcrde sie zu digitalisieren und auf DVD zu \u00fcbertragen und somit die Erinnerungen zu bewahren?<br><br><strong>Warum es sich lohnt Video- und Audio-Kassetten sowie Tonb\u00e4nder zu digitalisieren!<\/strong><br> Die klassische Videokassette zu digitalisieren ist nicht nur sinnvoll, falls Sie \u00fcber keinen Videorekorder mehr verf\u00fcgen. Es ist vielmehr grunds\u00e4tzlich empfehlenswert, weil die Aufnahmen auf dem Magnetband mit den Jahren an Qualit\u00e4t verlieren und durch Umwelteinfl\u00fcsse schlimmstenfalls vollst\u00e4ndig zerst\u00f6rt werden. Verzerrte Bilder und T\u00f6ne sowie blasse Farben sind mindestens die Folge.<br> Wenn Sie Ihre Aufzeichnungen auf DVD oder Festplatte brennen lassen, k\u00f6nnen Sie Ihre Filme zudem nicht nur auf dem Fernseher, sondern auch am Computer betrachten und dort sogar noch zus\u00e4tzlich bearbeiten oder vervielf\u00e4ltigen.<\/p>\n\n\n\n<p class=\"has-normal-font-size\"><strong>Leistungsumfang<\/strong><br> Videodigitalisierung ab 12 EUR\/Std incl. DVD\/Bluray\/Datei<br> Digitalisierung  Ihrer Kassetten in 1:1 \u00fcber unsere Studioger\u00e4te<br> Ausgabe \u00fcber professionelle Videoausgabeger\u00e4te<br> Standard- oder HD-Aufl\u00f6sung (SD= 720&#215;576 Pixel oder HD 1280&#215;720 Pixel,<br> Konvertierung in DVD-Dateien auf DVD oder BluRay und weitere Formate<\/p>\n\n\n\n<p><\/p>\n\n\n\n<div class=\"wp-block-button\"><a class=\"wp-block-button__link has-text-color has-background\" href=\"mailto:Info@digijue.de\" style=\"background-color:#0c6991;color:#fde507\">Zur Bestellung<\/a><\/div>\n\n\n\n<p><strong>Falls erforderlich:<\/strong><br> Helligkeitskorrektur, Farbkorrektur, Optimierung der Tonqualit\u00e4t,  Anfangs- und Endschnitte<br><strong> Auf Wunsch:<\/strong><br> Auf\/Abblendungen setzen<br> Ihre Titel mit Ein- und Ausblendungen in Ihre Filme einf\u00fcgen.<br> Men\u00fc Erstellung mit Musik<br> Labeldruck mit Titel- u. Laufzeitangabe, sowie einem Bild aus dem Film selbst<br> Slim Case oder Box<br> optionaler Filmexport ins AVI, MPEG-2, MPEG-4 Format auf Festplatte<br> Weitere Leistung<\/p>\n\n\n\n<p><strong>Wir optimieren Ihr Videomaterial.<\/strong><br> Egal, ob wir das Material erst noch digitalisieren sollen oder Ihnen bereist digital vorliegt, wir machen mit Ihnen was draus:<br>Zusammenschnitte,  Elemente rausschneiden, Sprachaufnahmen u\/o Musik unterlegen,<br> Titeleinblendung,  Vor- u. Abspann;<br> Ausgabe auf DVD und Blu-ray und weitere Formate!<\/p>\n\n\n\n<h2 class=\"wp-block-heading\">Preis\u00fcbersicht Video<\/h2>\n\n\n\n<p><strong> Preise Videos \u2013 VHS \/ VHS-C \/ S-VHS \/ Betamax \/ Video8 \/  Hi8 \/ Digital 8\/ MiniDV<\/strong><br> Videos bis 60 Min. Laufzeit 12,00 \u20ac<br> Videos bis 120 Min. Laufzeit  22,00 \u20ac<br> Videos bis 180 Min. Laufzeit 30,00 \u20ac<br> Je weitere Stunde. Laufzeit    10,00 \u20ac<br> Jeweils auf DVD Markenrohling Men\u00fcgef\u00fchrt in Papierh\u00fclle<br> oder als Filmdatei z.B. MPEG-4 auf mitgebrachter Festplatte oder USB-Stick<br> Filmdateierstellung im AVI oder MPEG-4 Format, etc. zus\u00e4tzlich zur DVD Bestellung Preis 5.- \u20ac <br> Reparatur Videokassette z.B. Band kleben, Band l\u00f6sen, etc. \u2013 nach R\u00fccksprache<br> DVD-Beschriftung und Case oder Box 2-5,-\u20ac<br> Titeleinblendungen \u2013  ab 2,50 \u20ac     <br> Duplikat DVD inkl. H\u00fclle  2,- \u20ac<br> <strong>Versandkosten<\/strong><br> Paket DHL national inkl. Verpackungsmaterial ab 6,50 \u20ac je nach Gr\u00f6\u00dfe und Gewicht.<br> Bitte haben Sie Verst\u00e4ndnis daf\u00fcr, dass wir im Falle einer Preiserh\u00f6hung durch DHL die Versandkosten anpassen. Die hier aufgef\u00fchrten Tarife sind Stand 2017 online.<br> Alle hier aufgef\u00fchrten Preise verstehen sich inkl. der gesetzlichen Mehrwertsteuer<\/p>\n\n\n\n<div class=\"wp-block-button\"><a class=\"wp-block-button__link has-text-color has-background\" href=\"mailto:Info@digijue.de\" style=\"background-color:#0c6991;color:#fde507\">Zur Bestellung<\/a><\/div>\n","protected":false},"excerpt":{"rendered":"<p>Kassetten digitalisieren \u2013 Bild und Ton erhalten und verbessern! Der Zahn der Zeit nagt unaufhaltsam an allen analogen Bild-und Tonmedien. Videoaufnahmen verlieren an Bild- und<\/p>\n","protected":false},"author":1,"featured_media":253,"parent":0,"menu_order":0,"comment_status":"closed","ping_status":"closed","template":"","meta":[],"_links":{"self":[{"href":"http:\/\/digijue.de\/index.php?rest_route=\/wp\/v2\/pages\/239"}],"collection":[{"href":"http:\/\/digijue.de\/index.php?rest_route=\/wp\/v2\/pages"}],"about":[{"href":"http:\/\/digijue.de\/index.php?rest_route=\/wp\/v2\/types\/page"}],"author":[{"embeddable":true,"href":"http:\/\/digijue.de\/index.php?rest_route=\/wp\/v2\/users\/1"}],"replies":[{"embeddable":true,"href":"http:\/\/digijue.de\/index.php?rest_route=%2Fwp%2Fv2%2Fcomments&post=239"}],"version-history":[{"count":5,"href":"http:\/\/digijue.de\/index.php?rest_route=\/wp\/v2\/pages\/239\/revisions"}],"predecessor-version":[{"id":275,"href":"http:\/\/digijue.de\/index.php?rest_route=\/wp\/v2\/pages\/239\/revisions\/275"}],"wp:featuredmedia":[{"embeddable":true,"href":"http:\/\/digijue.de\/index.php?rest_route=\/wp\/v2\/media\/253"}],"wp:attachment":[{"href":"http:\/\/digijue.de\/index.php?rest_route=%2Fwp%2Fv2%2Fmedia&parent=239"}],"curies":[{"name":"wp","href":"https:\/\/api.w.org\/{rel}","templated":true}]}}