{"id":288,"date":"2019-12-10T11:52:38","date_gmt":"2019-12-10T11:52:38","guid":{"rendered":"http:\/\/digijue.de\/?page_id=288"},"modified":"2019-12-10T12:02:26","modified_gmt":"2019-12-10T12:02:26","slug":"bilder","status":"publish","type":"page","link":"http:\/\/digijue.de\/?page_id=288","title":{"rendered":"Bilder"},"content":{"rendered":"\n<h2 class=\"wp-block-heading\">Dias\/Fotos\/Negative<\/h2>\n\n\n\n<p>Ihre Fotoaufnahmen sind in die Jahre gekommen und je nach Lagerung und dem urspr\u00fcnglich verwendeten Fotomaterial muss man damit rechnen, dass die belichtete Fotooberfl\u00e4che fr\u00fcher oder sp\u00e4ter Verfallserscheinungen unterliegt. Bewahren Sie Ihre wichtigsten Aufnahmen daher vor dem Untergang, indem Sie Ihre Bilder digitalisieren lassen. Digitales Material l\u00e4sst sich beliebig oft umkopieren und daher dauerhaft sichern. Neben der Ausfallsicherheit ist auch die Vorf\u00fchrung  von Dias von einem Digitalmedium meist einfacher (ohne lauten Diaprojektor und unhandlicher Leinwand) und eine CD\/DVD oder Blu-Ray l\u00e4sst sich au\u00dferdem viel einfacher verschenken bzw. weitergeben. F\u00fcr die bestm\u00f6gliche Abtastung (scannen) Ihrer Dias, Bilder, Negative sind wir bem\u00fcht in Ihrem Sinne mit gro\u00dfer Sorgfalt stets das Beste aus Ihrem wertvollen Fotomaterial herauszuholen.<\/p>\n\n\n\n<p class=\"has-medium-font-size\"><strong> Beispiele f\u00fcr unsere Qualit\u00e4tsscans (hier vom Kleinbilddia)<\/strong><\/p>\n\n\n\n<div class=\"wp-block-image\"><figure class=\"alignleft size-large is-resized\"><img decoding=\"async\" loading=\"lazy\" src=\"http:\/\/digijue.de\/wp-content\/uploads\/2017\/05\/oroginal.jpg\" alt=\"Original\" class=\"wp-image-174\" width=\"282\" height=\"375\" srcset=\"http:\/\/digijue.de\/wp-content\/uploads\/2017\/05\/oroginal.jpg 301w, http:\/\/digijue.de\/wp-content\/uploads\/2017\/05\/oroginal-226x300.jpg 226w\" sizes=\"(max-width: 282px) 100vw, 282px\" \/><figcaption>Original<\/figcaption><\/figure><\/div>\n\n\n\n<figure class=\"wp-block-image size-large\"><img decoding=\"async\" loading=\"lazy\" width=\"301\" height=\"400\" src=\"http:\/\/digijue.de\/wp-content\/uploads\/2017\/05\/neu.jpg\" alt=\"Berarbeitet\" class=\"wp-image-175\" srcset=\"http:\/\/digijue.de\/wp-content\/uploads\/2017\/05\/neu.jpg 301w, http:\/\/digijue.de\/wp-content\/uploads\/2017\/05\/neu-226x300.jpg 226w\" sizes=\"(max-width: 301px) 100vw, 301px\" \/><figcaption>Bearbeitet<\/figcaption><\/figure>\n\n\n\n<div class=\"wp-block-image\"><figure class=\"alignleft size-large\"><img decoding=\"async\" loading=\"lazy\" width=\"400\" height=\"267\" src=\"http:\/\/digijue.de\/wp-content\/uploads\/2017\/05\/Lingerh-Steenw-0053-alt.jpg\" alt=\"\" class=\"wp-image-181\" srcset=\"http:\/\/digijue.de\/wp-content\/uploads\/2017\/05\/Lingerh-Steenw-0053-alt.jpg 400w, http:\/\/digijue.de\/wp-content\/uploads\/2017\/05\/Lingerh-Steenw-0053-alt-300x200.jpg 300w\" sizes=\"(max-width: 400px) 100vw, 400px\" \/><figcaption>Alt<\/figcaption><\/figure><\/div>\n\n\n\n<div class=\"wp-block-image\"><figure class=\"alignright size-large is-resized\"><img decoding=\"async\" loading=\"lazy\" src=\"http:\/\/digijue.de\/wp-content\/uploads\/2017\/05\/Lingerh-Steenw-0053-neu-1024x682.jpg\" alt=\"\" class=\"wp-image-180\" width=\"500\" height=\"332\" srcset=\"http:\/\/digijue.de\/wp-content\/uploads\/2017\/05\/Lingerh-Steenw-0053-neu-1024x682.jpg 1024w, http:\/\/digijue.de\/wp-content\/uploads\/2017\/05\/Lingerh-Steenw-0053-neu-300x200.jpg 300w, http:\/\/digijue.de\/wp-content\/uploads\/2017\/05\/Lingerh-Steenw-0053-neu-768x512.jpg 768w, http:\/\/digijue.de\/wp-content\/uploads\/2017\/05\/Lingerh-Steenw-0053-neu-420x280.jpg 420w, http:\/\/digijue.de\/wp-content\/uploads\/2017\/05\/Lingerh-Steenw-0053-neu.jpg 1772w\" sizes=\"(max-width: 500px) 100vw, 500px\" \/><figcaption>Neu<br><br><\/figcaption><\/figure><\/div>\n\n\n\n<p><\/p>\n\n\n\n<p><strong>Leistungsumfang<\/strong>:<br> Dia-Scan \u00fcber Reflecta Magazinscanner f\u00fcr Durchsichtsvorlagen im Format 24 x 36mm Kleinbildformat<br> Aufl\u00f6sung bei Dias: 1200, 2400 o. 3600 dpi bei 24 bit Farbtiefe<br> Foto-Scan \u00fcber Epson Flachbildscanner f\u00fcr Aufsichtvorlagen in den Formaten von  7 x 10 bis 20 x 30 cm<br> Aufl\u00f6sung bei Fotos: 300 und 600 dpi bei 24 bit Farbtiefe<br> Automatische Kratzer- und Staubentfernung (ICE)<br> Optimierte Farben<br> Optimierte Kontraste<br> Drehen in richtige Bildlage<br> Entfernung schwarzer Rahmen<br> Positivwandlung bei Negativscan<br> Speicherung der hochaufgel\u00f6sten JPEG\u00b4s (TIFF auf Wunsch m\u00f6glich) auf CD\/DVD (Markenrohling) auf Wunsch im Slimecase<br> Speicherung auch auf USB-Stick oder Festplatte<br> Abholservice: Nutzen Sie unseren Service und lassen Sie Ihr Bildmaterial von uns zum Festpreis abholen und zur\u00fcck bringen.<br> Scannen in h\u00f6chster Qualit\u00e4t \u2013 bei uns mit vielen Extra-Leistungen direkt im Preis inklusive<br> Dias \u00fcber professionelle Reflecta Magazinscanner f\u00fcr Durchsichtsvorlagen im Format 24 x 36mm (Kleinbildformat) in den Aufl\u00f6sungen 1200, 2400 o. 3600 dpi bei 24 bit Farbtiefe:<br> 1200 dpi Scan: hinreichend f\u00fcr die Archivierung und Betrachtung Ihrer Dias am heimischen Computer oder Laptop.<br> 2400 dpi Scan Plus: ideal f\u00fcr die Betrachtung an gro\u00dfen Bildschirmen z.B. TV, Fotoausdrucke bis hin zum DIN A4-Format sind problemlos m\u00f6glich<br> 3600 dpi Scan Pro: bestens geeignet f\u00fcr weitere Bildbearbeitung und Beamerprojektion<br> Dabei verwenden wir eine automatische Kratzer- und Staubentfernung (ICE) und optimieren Farben und Kontraste.<br> Fotos \u00fcber Epson Flachbildscanner f\u00fcr Aufsichtvorlagen in den Formaten von 7 x 10 bis 20 x 30 cm in den Aufl\u00f6sungen 300 und 600 dpi bei 24 Bit Farbtiefe.<br> 300 dpi Scan Plus: hinreichend f\u00fcr die Archivierung und Betrachtung Ihrer Fotos am heimischen Computer oder Laptop, Fotoausdrucke bis hin zum Format 13 x 18 sind problemlos m\u00f6glich.<br> 600 dpi Scan Pro: ideal f\u00fcr die Darstellung an gro\u00dfen Bildschirmen z.B. TV, Fotoausdrucke bis hin zum DIN A4-Format sind problemlos m\u00f6glich<br> Negative \u00fcber Epson Flachbildscanner f\u00fcr Durchsichtvorlagen Aufl\u00f6sungen 3900 dpi bei 24 bit Farbtiefe. Abz\u00fcge bis hin zum DIN A3-Format sind problemlos m\u00f6glich. Selbstverst\u00e4ndlich wandeln wir Ihnen die Negative direkt in Positive um!<br> Das Drehen in die richtige Bildlage ist unter der Voraussetzung, dass sich das Hauptmotiv erkennen l\u00e4\u00dft, f\u00fcr uns genauso eine Selbstverst\u00e4ndlichkeit, wie die Entfernung von schwarzen Rahmen.<br> Auch die Ausgabe passiert in h\u00f6chster, digitaler Qualit\u00e4t: im JPEG-Format auf DVD, Festplatte oder Stick, fertig zum Ausdrucken, kopieren oder zur Betrachtung an TV, PC, Notebook, digitaler Bilderrahmen, etc. Auf Wunsch erhalten Sie Ihre digitalen Binder auf im TIFF Format.<\/p>\n\n\n\n<div class=\"wp-block-button\"><a class=\"wp-block-button__link has-text-color has-background\" href=\"mailto:info@digijue.de\" style=\"background-color:#057db0;color:#e6de09\">Zur Bestellung<\/a><\/div>\n\n\n\n<h2 class=\"wp-block-heading\">Preis\u00fcbersicht Dia-Foto-Negativ <\/h2>\n\n\n\n<p><strong> Preise Dia-Foto-Negativ<\/strong><br> Dia scannen bis 200 0,18\u20ac<br> Dia scannen Bis 500 0,17\u20ac<br> Dia scannen bis 800 0,16\u20ac<br> Dia scannen ab 800 0,15\u20ac<br> Anlieferung der Dias in Universalmagazin.<br> Umsortierung: 0,05\u20ac\/Dia<br> Bilder scannen je Bild bis DIN A 4: 0,55 \u20ac<br> Negative\/ungerahmte Dias je Bild bis DIN A 4 ab 0,20\u20ac<br> Inkl. Bilddrehung und Stapeloptimierung im Bildbearbeitungsprogramm  Jeweils auf CD\/DVD Markenrohling in Papierh\u00fclle  oder als Filmdatei z.B. MPEG-4 auf mitgebrachter Festplatte oder USB-Stick<br> Evtl erforderliche Reinigung: Bitte nachfragen<br> Evtl. erforderliche intensivere Einzeloptimierung: Bitte nachfragen<br> Grundaufl\u00f6sung: Fertig f\u00fcr Bildbestellungen 10\u00d715, 300 DPI.<br> Weitere Aufl\u00f6sungen m\u00f6glich. Teilweise mit Aufpreis<br> CD\/DVD-Beschriftung und Case oder Box 2-5,-\u20ac<br> Duplikat DVD inkl. H\u00fclle  2,- \u20ac<br> Senden Sie uns Ihre Sch\u00e4tze einfach zu \u2013 fertig! Sehr gerne nehmen wir Ihre Medien auch pers\u00f6nlich in Empfang Bitte vereinbaren Sie einen Termin (02165\/879106). Das z\u00e4hlt selbstverst\u00e4ndlich auch f\u00fcr die Retounierung an Sie oder wenn wir Ihre Sch\u00e4tze innerhalb der Gemeinde J\u00fcchen abholen sollen.<br><strong> Bitte beachten Sie:<\/strong><br> Gerahmte Dias sollten in Magazinen f\u00fcr die Stapelverarbeitung vorbereitet sein.<\/p>\n\n\n\n<div class=\"wp-block-image\"><figure class=\"alignleft size-large is-resized\"><img decoding=\"async\" loading=\"lazy\" src=\"http:\/\/digijue.de\/wp-content\/uploads\/2017\/05\/WP_20170504_11_53_47_Pro.jpg\" alt=\"\" class=\"wp-image-204\" width=\"323\" height=\"143\" srcset=\"http:\/\/digijue.de\/wp-content\/uploads\/2017\/05\/WP_20170504_11_53_47_Pro.jpg 600w, http:\/\/digijue.de\/wp-content\/uploads\/2017\/05\/WP_20170504_11_53_47_Pro-300x133.jpg 300w\" sizes=\"(max-width: 323px) 100vw, 323px\" \/><\/figure><\/div>\n\n\n\n<p>  Solche Magazine k\u00f6nnen auch bei Auftragserteilung ausgeliehen werden, wenn Sie sich die Kosten f\u00fcrs Umsortieren sparen wollen!<br> Lose Dias bitte seitenrichtig abgeben. Sonst kann keine Gew\u00e4hr f\u00fcr seitenrichtiges scannen gew\u00e4hrt werden.<br> F\u00fcr beste Qualit\u00e4t sollten es glaslose Diarahmen sein. Dias mit Glas bedeuten einen Qualit\u00e4tsverlust durch beschlagen des Glases der vergangenen 10 \u2013 30 Jahre, welches der Diascanner nicht mehr optimal ausgleichen kann.<br> <strong>Versandkosten<\/strong><br> Paket DHL national inkl. Verpackungsmaterial ab 6,50 \u20ac je nach Gr\u00f6\u00dfe und Gewicht.<br> Bitte haben Sie Verst\u00e4ndnis daf\u00fcr, dass wir im Falle einer Preiserh\u00f6hung durch DHL die Versandkosten anpassen. Die hier aufgef\u00fchrten Tarife sind Stand 2017 online.<br> Alle hier aufgef\u00fchrten Preise verstehen sich inkl. der gesetzlichen Mehrwertsteuer<\/p>\n\n\n\n<div class=\"wp-block-button\"><a class=\"wp-block-button__link has-text-color has-background\" href=\"mailto:info@digijue.de\" style=\"background-color:#057db0;color:#e6de09\">Zur Bestellung<\/a><\/div>\n","protected":false},"excerpt":{"rendered":"<p>Dias\/Fotos\/Negative Ihre Fotoaufnahmen sind in die Jahre gekommen und je nach Lagerung und dem urspr\u00fcnglich verwendeten Fotomaterial muss man damit rechnen, dass die belichtete Fotooberfl\u00e4che<\/p>\n","protected":false},"author":1,"featured_media":0,"parent":0,"menu_order":0,"comment_status":"closed","ping_status":"closed","template":"","meta":[],"_links":{"self":[{"href":"http:\/\/digijue.de\/index.php?rest_route=\/wp\/v2\/pages\/288"}],"collection":[{"href":"http:\/\/digijue.de\/index.php?rest_route=\/wp\/v2\/pages"}],"about":[{"href":"http:\/\/digijue.de\/index.php?rest_route=\/wp\/v2\/types\/page"}],"author":[{"embeddable":true,"href":"http:\/\/digijue.de\/index.php?rest_route=\/wp\/v2\/users\/1"}],"replies":[{"embeddable":true,"href":"http:\/\/digijue.de\/index.php?rest_route=%2Fwp%2Fv2%2Fcomments&post=288"}],"version-history":[{"count":2,"href":"http:\/\/digijue.de\/index.php?rest_route=\/wp\/v2\/pages\/288\/revisions"}],"predecessor-version":[{"id":290,"href":"http:\/\/digijue.de\/index.php?rest_route=\/wp\/v2\/pages\/288\/revisions\/290"}],"wp:attachment":[{"href":"http:\/\/digijue.de\/index.php?rest_route=%2Fwp%2Fv2%2Fmedia&parent=288"}],"curies":[{"name":"wp","href":"https:\/\/api.w.org\/{rel}","templated":true}]}}